{"id":10612,"date":"2024-09-11T11:40:42","date_gmt":"2024-09-11T09:40:42","guid":{"rendered":"https:\/\/symalit.te-dev.ch\/shop\/non%20class\u00e9\/embranchements-universels\/"},"modified":"2026-01-30T12:06:09","modified_gmt":"2026-01-30T10:06:09","slug":"embranchements-universels","status":"publish","type":"product","link":"https:\/\/symalit.ch\/fr\/shop\/pieces-formees\/embranchements-universels\/","title":{"rendered":"Embranchements universels"},"content":{"rendered":"<p>Pour pose ult\u00e9rieure dans des installations existantes. La partie rigide avec fermeture longitudinale peut \u00eatre ouverte et mont\u00e9e autour d\u2019un tube de protection existant.<\/p>\n","protected":false},"excerpt":{"rendered":"<p>Pour pose ult\u00e9rieure dans des installations existantes. La partie rigide avec fermeture longitudinale peut \u00eatre ouverte et mont\u00e9e autour d\u2019un tube de protection existant.<\/p>\n","protected":false},"featured_media":10610,"template":"","meta":{"_acf_changed":false},"product_brand":[],"product_cat":[3616],"product_tag":[],"class_list":{"0":"post-10612","1":"product","2":"type-product","3":"status-publish","4":"has-post-thumbnail","6":"product_cat-pieces-formees","8":"first","9":"instock","10":"taxable","11":"shipping-taxable","12":"purchasable","13":"product-type-variable"},"acf":[],"aioseo_notices":[],"_links":{"self":[{"href":"https:\/\/symalit.ch\/fr\/wp-json\/wp\/v2\/product\/10612","targetHints":{"allow":["GET"]}}],"collection":[{"href":"https:\/\/symalit.ch\/fr\/wp-json\/wp\/v2\/product"}],"about":[{"href":"https:\/\/symalit.ch\/fr\/wp-json\/wp\/v2\/types\/product"}],"wp:featuredmedia":[{"embeddable":true,"href":"https:\/\/symalit.ch\/fr\/wp-json\/wp\/v2\/media\/10610"}],"wp:attachment":[{"href":"https:\/\/symalit.ch\/fr\/wp-json\/wp\/v2\/media?parent=10612"}],"wp:term":[{"taxonomy":"product_brand","embeddable":true,"href":"https:\/\/symalit.ch\/fr\/wp-json\/wp\/v2\/product_brand?post=10612"},{"taxonomy":"product_cat","embeddable":true,"href":"https:\/\/symalit.ch\/fr\/wp-json\/wp\/v2\/product_cat?post=10612"},{"taxonomy":"product_tag","embeddable":true,"href":"https:\/\/symalit.ch\/fr\/wp-json\/wp\/v2\/product_tag?post=10612"}],"curies":[{"name":"wp","href":"https:\/\/api.w.org\/{rel}","templated":true}]}}