{"id":10659,"date":"2024-09-11T12:52:18","date_gmt":"2024-09-11T10:52:18","guid":{"rendered":"https:\/\/symalit.te-dev.ch\/shop\/non%20class\u00e9\/embranchements-en-y\/"},"modified":"2026-01-30T12:06:20","modified_gmt":"2026-01-30T10:06:20","slug":"embranchements-en-y","status":"publish","type":"product","link":"https:\/\/symalit.ch\/fr\/shop\/pieces-formees\/embranchements-en-y\/","title":{"rendered":"Embranchements en Y"},"content":{"rendered":"<p>Id\u00e9al pour les raccordements d&rsquo;immeubles, les \u00e9clairages publics. Ex\u00e9cutions particuli\u00e8res possibles, veuillez nous contacter!<\/p>\n","protected":false},"excerpt":{"rendered":"<p>Id\u00e9al pour les raccordements d&rsquo;immeubles, les \u00e9clairages publics. Ex\u00e9cutions particuli\u00e8res possibles, veuillez nous contacter!<\/p>\n","protected":false},"featured_media":11578,"template":"","meta":{"_acf_changed":false},"product_brand":[],"product_cat":[3616],"product_tag":[],"class_list":{"0":"post-10659","1":"product","2":"type-product","3":"status-publish","4":"has-post-thumbnail","6":"product_cat-pieces-formees","8":"first","9":"instock","10":"taxable","11":"shipping-taxable","12":"purchasable","13":"product-type-variable"},"acf":[],"aioseo_notices":[],"_links":{"self":[{"href":"https:\/\/symalit.ch\/fr\/wp-json\/wp\/v2\/product\/10659","targetHints":{"allow":["GET"]}}],"collection":[{"href":"https:\/\/symalit.ch\/fr\/wp-json\/wp\/v2\/product"}],"about":[{"href":"https:\/\/symalit.ch\/fr\/wp-json\/wp\/v2\/types\/product"}],"wp:featuredmedia":[{"embeddable":true,"href":"https:\/\/symalit.ch\/fr\/wp-json\/wp\/v2\/media\/11578"}],"wp:attachment":[{"href":"https:\/\/symalit.ch\/fr\/wp-json\/wp\/v2\/media?parent=10659"}],"wp:term":[{"taxonomy":"product_brand","embeddable":true,"href":"https:\/\/symalit.ch\/fr\/wp-json\/wp\/v2\/product_brand?post=10659"},{"taxonomy":"product_cat","embeddable":true,"href":"https:\/\/symalit.ch\/fr\/wp-json\/wp\/v2\/product_cat?post=10659"},{"taxonomy":"product_tag","embeddable":true,"href":"https:\/\/symalit.ch\/fr\/wp-json\/wp\/v2\/product_tag?post=10659"}],"curies":[{"name":"wp","href":"https:\/\/api.w.org\/{rel}","templated":true}]}}