{"id":10670,"date":"2024-09-11T13:20:14","date_gmt":"2024-09-11T11:20:14","guid":{"rendered":"https:\/\/symalit.te-dev.ch\/shop\/non%20class\u00e9\/embranchements-semi-coques-en-t\/"},"modified":"2026-01-30T12:06:20","modified_gmt":"2026-01-30T10:06:20","slug":"embranchements-semi-coques-en-t","status":"publish","type":"product","link":"https:\/\/symalit.ch\/fr\/shop\/pieces-formees\/embranchements-semi-coques-en-t\/","title":{"rendered":"Embranchements semi-coques en T"},"content":{"rendered":"<p>Pour le montage ult\u00e9rieur dans des installations existantes.<br \/>\nHaute r\u00e9sistance aux chocs.<br \/>\nPossibilit\u00e9 d&rsquo;adapter individuellement trois \u00f8 de gaines diff\u00e9rents.<br \/>\nLivr\u00e9 avec des vis de fixation.<br \/>\nVis de fermeture.    <\/p>\n","protected":false},"excerpt":{"rendered":"<p>Pour le montage ult\u00e9rieur dans des installations existantes. Haute r\u00e9sistance aux chocs. Possibilit\u00e9 d&rsquo;adapter individuellement trois \u00f8 de gaines diff\u00e9rents. Livr\u00e9 avec des vis de fixation. Vis de fermeture.<\/p>\n","protected":false},"featured_media":10668,"template":"","meta":{"_acf_changed":false},"product_brand":[],"product_cat":[3616],"product_tag":[],"class_list":{"0":"post-10670","1":"product","2":"type-product","3":"status-publish","4":"has-post-thumbnail","6":"product_cat-pieces-formees","8":"first","9":"instock","10":"taxable","11":"shipping-taxable","12":"purchasable","13":"product-type-variable"},"acf":[],"aioseo_notices":[],"_links":{"self":[{"href":"https:\/\/symalit.ch\/fr\/wp-json\/wp\/v2\/product\/10670","targetHints":{"allow":["GET"]}}],"collection":[{"href":"https:\/\/symalit.ch\/fr\/wp-json\/wp\/v2\/product"}],"about":[{"href":"https:\/\/symalit.ch\/fr\/wp-json\/wp\/v2\/types\/product"}],"wp:featuredmedia":[{"embeddable":true,"href":"https:\/\/symalit.ch\/fr\/wp-json\/wp\/v2\/media\/10668"}],"wp:attachment":[{"href":"https:\/\/symalit.ch\/fr\/wp-json\/wp\/v2\/media?parent=10670"}],"wp:term":[{"taxonomy":"product_brand","embeddable":true,"href":"https:\/\/symalit.ch\/fr\/wp-json\/wp\/v2\/product_brand?post=10670"},{"taxonomy":"product_cat","embeddable":true,"href":"https:\/\/symalit.ch\/fr\/wp-json\/wp\/v2\/product_cat?post=10670"},{"taxonomy":"product_tag","embeddable":true,"href":"https:\/\/symalit.ch\/fr\/wp-json\/wp\/v2\/product_tag?post=10670"}],"curies":[{"name":"wp","href":"https:\/\/api.w.org\/{rel}","templated":true}]}}