{"id":10730,"date":"2024-09-12T13:25:23","date_gmt":"2024-09-12T11:25:23","guid":{"rendered":"https:\/\/symalit.te-dev.ch\/shop\/non%20class\u00e9\/embranchements-semi-coques\/"},"modified":"2026-01-30T12:06:23","modified_gmt":"2026-01-30T10:06:23","slug":"embranchements-semi-coques","status":"publish","type":"product","link":"https:\/\/symalit.ch\/fr\/shop\/pieces-formees\/embranchements-semi-coques\/","title":{"rendered":"Embranchements semi-coques"},"content":{"rendered":"<p>Pour pose ult\u00e9rieure dans des installations existantes. Grande r\u00e9sistance aux chocs. Pose possible dans l&rsquo;axe ou dans le rayon. Adaptation individuelle possible pour 4 diam\u00e8tres de c\u00e2bles diff\u00e9rents. Livr\u00e9 avec les vis de fermeture adapt\u00e9es.<\/p>\n","protected":false},"excerpt":{"rendered":"<p>Pour pose ult\u00e9rieure dans des installations existantes. Grande r\u00e9sistance aux chocs. Pose possible dans l&rsquo;axe ou dans le rayon. Adaptation individuelle possible pour 4 diam\u00e8tres de c\u00e2bles diff\u00e9rents. Livr\u00e9 avec les vis de fermeture adapt\u00e9es.<\/p>\n","protected":false},"featured_media":10727,"template":"","meta":{"_acf_changed":false},"product_brand":[],"product_cat":[3616],"product_tag":[],"class_list":{"0":"post-10730","1":"product","2":"type-product","3":"status-publish","4":"has-post-thumbnail","6":"product_cat-pieces-formees","8":"first","9":"instock","10":"taxable","11":"shipping-taxable","12":"purchasable","13":"product-type-variable"},"acf":[],"aioseo_notices":[],"_links":{"self":[{"href":"https:\/\/symalit.ch\/fr\/wp-json\/wp\/v2\/product\/10730","targetHints":{"allow":["GET"]}}],"collection":[{"href":"https:\/\/symalit.ch\/fr\/wp-json\/wp\/v2\/product"}],"about":[{"href":"https:\/\/symalit.ch\/fr\/wp-json\/wp\/v2\/types\/product"}],"wp:featuredmedia":[{"embeddable":true,"href":"https:\/\/symalit.ch\/fr\/wp-json\/wp\/v2\/media\/10727"}],"wp:attachment":[{"href":"https:\/\/symalit.ch\/fr\/wp-json\/wp\/v2\/media?parent=10730"}],"wp:term":[{"taxonomy":"product_brand","embeddable":true,"href":"https:\/\/symalit.ch\/fr\/wp-json\/wp\/v2\/product_brand?post=10730"},{"taxonomy":"product_cat","embeddable":true,"href":"https:\/\/symalit.ch\/fr\/wp-json\/wp\/v2\/product_cat?post=10730"},{"taxonomy":"product_tag","embeddable":true,"href":"https:\/\/symalit.ch\/fr\/wp-json\/wp\/v2\/product_tag?post=10730"}],"curies":[{"name":"wp","href":"https:\/\/api.w.org\/{rel}","templated":true}]}}