{"id":10772,"date":"2024-09-12T15:17:45","date_gmt":"2024-09-12T15:17:45","guid":{"rendered":"https:\/\/symalit.te-dev.ch\/shop\/non%20class\u00e9\/semi-coques-syspro\/"},"modified":"2026-01-30T12:07:18","modified_gmt":"2026-01-30T10:07:18","slug":"semi-coques-syspro","status":"publish","type":"product","link":"https:\/\/symalit.ch\/fr\/shop\/pieces-formees\/semi-coques-syspro\/","title":{"rendered":"Semi-coques"},"content":{"rendered":"<p>Protection optimale de c\u00e2bles provisoires, conduites techniques et manchons. Usage multiple. <\/p>\n<p>Pour 1 m\u00e8tre de longueur de pose, 2 demi-coques sont n\u00e9cessaires.<\/p>\n","protected":false},"excerpt":{"rendered":"<p>Protection optimale de c\u00e2bles provisoires, conduites techniques et manchons. Usage multiple. Pour 1 m\u00e8tre de longueur de pose, 2 demi-coques sont n\u00e9cessaires.<\/p>\n","protected":false},"featured_media":12310,"template":"","meta":{"_acf_changed":false},"product_brand":[],"product_cat":[3616],"product_tag":[],"class_list":{"0":"post-10772","1":"product","2":"type-product","3":"status-publish","4":"has-post-thumbnail","6":"product_cat-pieces-formees","8":"first","9":"instock","10":"taxable","11":"shipping-taxable","12":"purchasable","13":"product-type-variable"},"acf":[],"aioseo_notices":[],"_links":{"self":[{"href":"https:\/\/symalit.ch\/fr\/wp-json\/wp\/v2\/product\/10772","targetHints":{"allow":["GET"]}}],"collection":[{"href":"https:\/\/symalit.ch\/fr\/wp-json\/wp\/v2\/product"}],"about":[{"href":"https:\/\/symalit.ch\/fr\/wp-json\/wp\/v2\/types\/product"}],"wp:featuredmedia":[{"embeddable":true,"href":"https:\/\/symalit.ch\/fr\/wp-json\/wp\/v2\/media\/12310"}],"wp:attachment":[{"href":"https:\/\/symalit.ch\/fr\/wp-json\/wp\/v2\/media?parent=10772"}],"wp:term":[{"taxonomy":"product_brand","embeddable":true,"href":"https:\/\/symalit.ch\/fr\/wp-json\/wp\/v2\/product_brand?post=10772"},{"taxonomy":"product_cat","embeddable":true,"href":"https:\/\/symalit.ch\/fr\/wp-json\/wp\/v2\/product_cat?post=10772"},{"taxonomy":"product_tag","embeddable":true,"href":"https:\/\/symalit.ch\/fr\/wp-json\/wp\/v2\/product_tag?post=10772"}],"curies":[{"name":"wp","href":"https:\/\/api.w.org\/{rel}","templated":true}]}}