{"id":12911,"date":"2024-07-07T19:57:02","date_gmt":"2024-07-07T17:57:02","guid":{"rendered":"https:\/\/symalit.ch\/shop\/non%20class\u00e9\/tubes-multiples-sur-bobine\/"},"modified":"2026-01-30T12:07:36","modified_gmt":"2026-01-30T10:07:36","slug":"tubes-multiples-sur-bobine","status":"publish","type":"product","link":"https:\/\/symalit.ch\/fr\/shop\/tubes\/tubes-multiples-sur-bobine\/","title":{"rendered":"Tubes multiples sur bobine"},"content":{"rendered":"<p>Utilisation \u00e9conomique dans la construction de gaines pour c\u00e2bles de donn\u00e9es et de communication.<br \/>\nVendu uniquement en bobines compl\u00e8tes !<\/p>\n","protected":false},"excerpt":{"rendered":"<p>Utilisation \u00e9conomique dans la construction de gaines pour c\u00e2bles de donn\u00e9es et de communication. Vendu uniquement en bobines compl\u00e8tes !<\/p>\n","protected":false},"featured_media":2598,"template":"","meta":{"_acf_changed":false},"product_brand":[],"product_cat":[1429],"product_tag":[],"class_list":{"0":"post-12911","1":"product","2":"type-product","3":"status-publish","4":"has-post-thumbnail","6":"product_cat-tubes","7":"pa_laenge-pro-haspel-gross-o-3-m-950-m-fr","9":"first","10":"instock","11":"purchasable","12":"product-type-variable"},"acf":[],"aioseo_notices":[],"_links":{"self":[{"href":"https:\/\/symalit.ch\/fr\/wp-json\/wp\/v2\/product\/12911","targetHints":{"allow":["GET"]}}],"collection":[{"href":"https:\/\/symalit.ch\/fr\/wp-json\/wp\/v2\/product"}],"about":[{"href":"https:\/\/symalit.ch\/fr\/wp-json\/wp\/v2\/types\/product"}],"wp:featuredmedia":[{"embeddable":true,"href":"https:\/\/symalit.ch\/fr\/wp-json\/wp\/v2\/media\/2598"}],"wp:attachment":[{"href":"https:\/\/symalit.ch\/fr\/wp-json\/wp\/v2\/media?parent=12911"}],"wp:term":[{"taxonomy":"product_brand","embeddable":true,"href":"https:\/\/symalit.ch\/fr\/wp-json\/wp\/v2\/product_brand?post=12911"},{"taxonomy":"product_cat","embeddable":true,"href":"https:\/\/symalit.ch\/fr\/wp-json\/wp\/v2\/product_cat?post=12911"},{"taxonomy":"product_tag","embeddable":true,"href":"https:\/\/symalit.ch\/fr\/wp-json\/wp\/v2\/product_tag?post=12911"}],"curies":[{"name":"wp","href":"https:\/\/api.w.org\/{rel}","templated":true}]}}