{"id":5853,"date":"2024-07-07T19:56:12","date_gmt":"2024-07-07T19:56:12","guid":{"rendered":"https:\/\/symalit.te-dev.ch\/shop\/non%20class\u00e9\/cs-tubes-de-protection-de-cables-symtop\/"},"modified":"2026-01-30T12:04:27","modified_gmt":"2026-01-30T10:04:27","slug":"cs-tubes-de-protection-de-cables-symtop","status":"publish","type":"product","link":"https:\/\/symalit.ch\/fr\/shop\/tubes\/cs-tubes-de-protection-de-cables-symtop\/","title":{"rendered":"C+S Tubes de protection de c\u00e2bles SYMTOP"},"content":{"rendered":"<p>Haute r\u00e9sistance \u00e0 la pression apicale.<\/p>\n","protected":false},"excerpt":{"rendered":"<p>Haute r\u00e9sistance \u00e0 la pression apicale.<\/p>\n","protected":false},"featured_media":11307,"template":"","meta":{"_acf_changed":false},"product_brand":[],"product_cat":[1429],"product_tag":[],"class_list":{"0":"post-5853","1":"product","2":"type-product","3":"status-publish","4":"has-post-thumbnail","6":"product_cat-tubes","8":"first","9":"instock","10":"purchasable","11":"product-type-variable"},"acf":[],"aioseo_notices":[],"_links":{"self":[{"href":"https:\/\/symalit.ch\/fr\/wp-json\/wp\/v2\/product\/5853","targetHints":{"allow":["GET"]}}],"collection":[{"href":"https:\/\/symalit.ch\/fr\/wp-json\/wp\/v2\/product"}],"about":[{"href":"https:\/\/symalit.ch\/fr\/wp-json\/wp\/v2\/types\/product"}],"wp:featuredmedia":[{"embeddable":true,"href":"https:\/\/symalit.ch\/fr\/wp-json\/wp\/v2\/media\/11307"}],"wp:attachment":[{"href":"https:\/\/symalit.ch\/fr\/wp-json\/wp\/v2\/media?parent=5853"}],"wp:term":[{"taxonomy":"product_brand","embeddable":true,"href":"https:\/\/symalit.ch\/fr\/wp-json\/wp\/v2\/product_brand?post=5853"},{"taxonomy":"product_cat","embeddable":true,"href":"https:\/\/symalit.ch\/fr\/wp-json\/wp\/v2\/product_cat?post=5853"},{"taxonomy":"product_tag","embeddable":true,"href":"https:\/\/symalit.ch\/fr\/wp-json\/wp\/v2\/product_tag?post=5853"}],"curies":[{"name":"wp","href":"https:\/\/api.w.org\/{rel}","templated":true}]}}