{"id":5875,"date":"2024-07-07T19:56:28","date_gmt":"2024-07-07T19:56:28","guid":{"rendered":"https:\/\/symalit.te-dev.ch\/shop\/non%20class\u00e9\/cs-tubes-de-protection-de-cables-hdpe-en-materiau-neuf\/"},"modified":"2026-01-30T12:04:40","modified_gmt":"2026-01-30T10:04:40","slug":"cs-tubes-de-protection-de-cables-hdpe-en-materiau-neuf","status":"publish","type":"product","link":"https:\/\/symalit.ch\/fr\/shop\/tubes\/cs-tubes-de-protection-de-cables-hdpe-en-materiau-neuf\/","title":{"rendered":"C+S Tubes de protection de c\u00e2bles HDPE, en mat\u00e9riau neuf"},"content":{"rendered":"<p>Pour soudage au miroir ou raccordement avec manchon \u00e0 souder. Attention: Tenez compte de la dilatation longitudinale en cas d&rsquo;ensoleillement.<\/p>\n","protected":false},"excerpt":{"rendered":"<p>Pour soudage au miroir ou raccordement avec manchon \u00e0 souder. Attention: Tenez compte de la dilatation longitudinale en cas d&rsquo;ensoleillement.<\/p>\n","protected":false},"featured_media":11322,"template":"","meta":{"_acf_changed":false},"product_brand":[],"product_cat":[1429],"product_tag":[],"class_list":{"0":"post-5875","1":"product","2":"type-product","3":"status-publish","4":"has-post-thumbnail","6":"product_cat-tubes","8":"first","9":"instock","10":"purchasable","11":"product-type-variable"},"acf":[],"aioseo_notices":[],"_links":{"self":[{"href":"https:\/\/symalit.ch\/fr\/wp-json\/wp\/v2\/product\/5875","targetHints":{"allow":["GET"]}}],"collection":[{"href":"https:\/\/symalit.ch\/fr\/wp-json\/wp\/v2\/product"}],"about":[{"href":"https:\/\/symalit.ch\/fr\/wp-json\/wp\/v2\/types\/product"}],"wp:featuredmedia":[{"embeddable":true,"href":"https:\/\/symalit.ch\/fr\/wp-json\/wp\/v2\/media\/11322"}],"wp:attachment":[{"href":"https:\/\/symalit.ch\/fr\/wp-json\/wp\/v2\/media?parent=5875"}],"wp:term":[{"taxonomy":"product_brand","embeddable":true,"href":"https:\/\/symalit.ch\/fr\/wp-json\/wp\/v2\/product_brand?post=5875"},{"taxonomy":"product_cat","embeddable":true,"href":"https:\/\/symalit.ch\/fr\/wp-json\/wp\/v2\/product_cat?post=5875"},{"taxonomy":"product_tag","embeddable":true,"href":"https:\/\/symalit.ch\/fr\/wp-json\/wp\/v2\/product_tag?post=5875"}],"curies":[{"name":"wp","href":"https:\/\/api.w.org\/{rel}","templated":true}]}}