{"id":5888,"date":"2024-07-07T19:56:28","date_gmt":"2024-07-07T19:56:28","guid":{"rendered":"https:\/\/symalit.te-dev.ch\/shop\/non%20class\u00e9\/cs-tubes-de-protection-de-cables-dil-force-2\/"},"modified":"2026-01-30T12:03:56","modified_gmt":"2026-01-30T10:03:56","slug":"cs-tubes-de-protection-de-cables-dil-force-2","status":"publish","type":"product","link":"https:\/\/symalit.ch\/fr\/shop\/tubes\/cs-tubes-de-protection-de-cables-dil-force-2\/","title":{"rendered":"C+S Tubes de protection de c\u00e2bles DIL&#8209;force"},"content":{"rendered":"<p>Tr\u00e8s haute r\u00e9sistance \u00e0 la compression au sommet.<br \/>\nFaible dilatation en longueur sous l&rsquo;effet du soleil. Frottement moindre lors du tirage du c\u00e2ble. Adapt\u00e9 aux cam\u00e9ras.<\/p>\n","protected":false},"excerpt":{"rendered":"<p>Tr\u00e8s haute r\u00e9sistance \u00e0 la compression au sommet. Faible dilatation en longueur sous l&rsquo;effet du soleil. Frottement moindre lors du tirage du c\u00e2ble. Adapt\u00e9 aux cam\u00e9ras.<\/p>\n","protected":false},"featured_media":11319,"template":"","meta":{"_acf_changed":false},"product_brand":[],"product_cat":[1429],"product_tag":[],"class_list":{"0":"post-5888","1":"product","2":"type-product","3":"status-publish","4":"has-post-thumbnail","6":"product_cat-tubes","8":"first","9":"instock","10":"purchasable","11":"product-type-variable"},"acf":[],"aioseo_notices":[],"_links":{"self":[{"href":"https:\/\/symalit.ch\/fr\/wp-json\/wp\/v2\/product\/5888","targetHints":{"allow":["GET"]}}],"collection":[{"href":"https:\/\/symalit.ch\/fr\/wp-json\/wp\/v2\/product"}],"about":[{"href":"https:\/\/symalit.ch\/fr\/wp-json\/wp\/v2\/types\/product"}],"wp:featuredmedia":[{"embeddable":true,"href":"https:\/\/symalit.ch\/fr\/wp-json\/wp\/v2\/media\/11319"}],"wp:attachment":[{"href":"https:\/\/symalit.ch\/fr\/wp-json\/wp\/v2\/media?parent=5888"}],"wp:term":[{"taxonomy":"product_brand","embeddable":true,"href":"https:\/\/symalit.ch\/fr\/wp-json\/wp\/v2\/product_brand?post=5888"},{"taxonomy":"product_cat","embeddable":true,"href":"https:\/\/symalit.ch\/fr\/wp-json\/wp\/v2\/product_cat?post=5888"},{"taxonomy":"product_tag","embeddable":true,"href":"https:\/\/symalit.ch\/fr\/wp-json\/wp\/v2\/product_tag?post=5888"}],"curies":[{"name":"wp","href":"https:\/\/api.w.org\/{rel}","templated":true}]}}