{"id":5906,"date":"2024-07-07T19:56:45","date_gmt":"2024-07-07T19:56:45","guid":{"rendered":"https:\/\/symalit.te-dev.ch\/shop\/non%20class\u00e9\/tubes-a-rainure\/"},"modified":"2026-01-30T12:04:41","modified_gmt":"2026-01-30T10:04:41","slug":"tubes-a-rainure","status":"publish","type":"product","link":"https:\/\/symalit.ch\/fr\/shop\/tubes\/tubes-a-rainure\/","title":{"rendered":"Tubes \u00e0 rainure"},"content":{"rendered":"<p>Pour c\u00e2bles de transmissions de donn\u00e9es et de communications. Avec rainures int\u00e9rieures.<\/p>\n","protected":false},"excerpt":{"rendered":"<p>Pour c\u00e2bles de transmissions de donn\u00e9es et de communications. Avec rainures int\u00e9rieures.<\/p>\n","protected":false},"featured_media":11331,"template":"","meta":{"_acf_changed":false},"product_brand":[],"product_cat":[1429],"product_tag":[],"class_list":{"0":"post-5906","1":"product","2":"type-product","3":"status-publish","4":"has-post-thumbnail","6":"product_cat-tubes","8":"first","9":"instock","10":"purchasable","11":"product-type-variable"},"acf":[],"aioseo_notices":[],"_links":{"self":[{"href":"https:\/\/symalit.ch\/fr\/wp-json\/wp\/v2\/product\/5906","targetHints":{"allow":["GET"]}}],"collection":[{"href":"https:\/\/symalit.ch\/fr\/wp-json\/wp\/v2\/product"}],"about":[{"href":"https:\/\/symalit.ch\/fr\/wp-json\/wp\/v2\/types\/product"}],"wp:featuredmedia":[{"embeddable":true,"href":"https:\/\/symalit.ch\/fr\/wp-json\/wp\/v2\/media\/11331"}],"wp:attachment":[{"href":"https:\/\/symalit.ch\/fr\/wp-json\/wp\/v2\/media?parent=5906"}],"wp:term":[{"taxonomy":"product_brand","embeddable":true,"href":"https:\/\/symalit.ch\/fr\/wp-json\/wp\/v2\/product_brand?post=5906"},{"taxonomy":"product_cat","embeddable":true,"href":"https:\/\/symalit.ch\/fr\/wp-json\/wp\/v2\/product_cat?post=5906"},{"taxonomy":"product_tag","embeddable":true,"href":"https:\/\/symalit.ch\/fr\/wp-json\/wp\/v2\/product_tag?post=5906"}],"curies":[{"name":"wp","href":"https:\/\/api.w.org\/{rel}","templated":true}]}}