{"id":5911,"date":"2024-07-07T19:56:45","date_gmt":"2024-07-07T17:56:45","guid":{"rendered":"https:\/\/symalit.te-dev.ch\/shop\/non%20class\u00e9\/tubes-a-rainure-en-rouleaux\/"},"modified":"2026-01-30T12:05:09","modified_gmt":"2026-01-30T10:05:09","slug":"tubes-a-rainure-en-rouleaux","status":"publish","type":"product","link":"https:\/\/symalit.ch\/fr\/shop\/tubes\/tubes-a-rainure-en-rouleaux\/","title":{"rendered":"Tubes \u00e0 rainures en rouleaux"},"content":{"rendered":"<p>Pour les c\u00e2bles de donn\u00e9es et de communication. Avec rainures \u00e0 l&rsquo;int\u00e9rieur.<br \/>\nDiam\u00e8tre des rouleaux environ 1,1 \u00e0 2,4 m. <\/p>\n","protected":false},"excerpt":{"rendered":"<p>Pour les c\u00e2bles de donn\u00e9es et de communication. Avec rainures \u00e0 l&rsquo;int\u00e9rieur. Diam\u00e8tre des rouleaux environ 1,1 \u00e0 2,4 m.<\/p>\n","protected":false},"featured_media":2742,"template":"","meta":{"_acf_changed":false},"product_brand":[],"product_cat":[1429],"product_tag":[],"class_list":{"0":"post-5911","1":"product","2":"type-product","3":"status-publish","4":"has-post-thumbnail","6":"product_cat-tubes","8":"first","9":"instock","10":"purchasable","11":"product-type-variable"},"acf":[],"aioseo_notices":[],"_links":{"self":[{"href":"https:\/\/symalit.ch\/fr\/wp-json\/wp\/v2\/product\/5911","targetHints":{"allow":["GET"]}}],"collection":[{"href":"https:\/\/symalit.ch\/fr\/wp-json\/wp\/v2\/product"}],"about":[{"href":"https:\/\/symalit.ch\/fr\/wp-json\/wp\/v2\/types\/product"}],"wp:featuredmedia":[{"embeddable":true,"href":"https:\/\/symalit.ch\/fr\/wp-json\/wp\/v2\/media\/2742"}],"wp:attachment":[{"href":"https:\/\/symalit.ch\/fr\/wp-json\/wp\/v2\/media?parent=5911"}],"wp:term":[{"taxonomy":"product_brand","embeddable":true,"href":"https:\/\/symalit.ch\/fr\/wp-json\/wp\/v2\/product_brand?post=5911"},{"taxonomy":"product_cat","embeddable":true,"href":"https:\/\/symalit.ch\/fr\/wp-json\/wp\/v2\/product_cat?post=5911"},{"taxonomy":"product_tag","embeddable":true,"href":"https:\/\/symalit.ch\/fr\/wp-json\/wp\/v2\/product_tag?post=5911"}],"curies":[{"name":"wp","href":"https:\/\/api.w.org\/{rel}","templated":true}]}}