{"id":5937,"date":"2024-07-07T19:57:16","date_gmt":"2024-07-07T19:57:16","guid":{"rendered":"https:\/\/symalit.te-dev.ch\/shop\/non%20class\u00e9\/tubes-de-protection-de-cables-en-rouleaux\/"},"modified":"2026-01-30T12:05:09","modified_gmt":"2026-01-30T10:05:09","slug":"tubes-de-protection-de-cables-en-rouleaux","status":"publish","type":"product","link":"https:\/\/symalit.ch\/fr\/shop\/tubes\/tubes-de-protection-de-cables-en-rouleaux\/","title":{"rendered":"Tubes de protection de c\u00e2bles en rouleaux"},"content":{"rendered":"<p>Protection de c\u00e2bles d&rsquo;installations d&rsquo;\u00e9clairage, raccordements d&rsquo;immeubles<br \/>\net conduites de transmissions de donn\u00e9es. D\u00e9lai de livraison sur demande.<\/p>\n","protected":false},"excerpt":{"rendered":"<p>Protection de c\u00e2bles d&rsquo;installations d&rsquo;\u00e9clairage, raccordements d&rsquo;immeubles et conduites de transmissions de donn\u00e9es. D\u00e9lai de livraison sur demande.<\/p>\n","protected":false},"featured_media":2582,"template":"","meta":{"_acf_changed":false},"product_brand":[],"product_cat":[1429],"product_tag":[],"class_list":{"0":"post-5937","1":"product","2":"type-product","3":"status-publish","4":"has-post-thumbnail","6":"product_cat-tubes","8":"first","9":"instock","10":"purchasable","11":"product-type-variable"},"acf":[],"aioseo_notices":[],"_links":{"self":[{"href":"https:\/\/symalit.ch\/fr\/wp-json\/wp\/v2\/product\/5937","targetHints":{"allow":["GET"]}}],"collection":[{"href":"https:\/\/symalit.ch\/fr\/wp-json\/wp\/v2\/product"}],"about":[{"href":"https:\/\/symalit.ch\/fr\/wp-json\/wp\/v2\/types\/product"}],"wp:featuredmedia":[{"embeddable":true,"href":"https:\/\/symalit.ch\/fr\/wp-json\/wp\/v2\/media\/2582"}],"wp:attachment":[{"href":"https:\/\/symalit.ch\/fr\/wp-json\/wp\/v2\/media?parent=5937"}],"wp:term":[{"taxonomy":"product_brand","embeddable":true,"href":"https:\/\/symalit.ch\/fr\/wp-json\/wp\/v2\/product_brand?post=5937"},{"taxonomy":"product_cat","embeddable":true,"href":"https:\/\/symalit.ch\/fr\/wp-json\/wp\/v2\/product_cat?post=5937"},{"taxonomy":"product_tag","embeddable":true,"href":"https:\/\/symalit.ch\/fr\/wp-json\/wp\/v2\/product_tag?post=5937"}],"curies":[{"name":"wp","href":"https:\/\/api.w.org\/{rel}","templated":true}]}}