{"id":5944,"date":"2024-07-07T19:57:16","date_gmt":"2024-07-07T19:57:16","guid":{"rendered":"https:\/\/symalit.te-dev.ch\/shop\/non%20class\u00e9\/tubes-de-protection-de-cables-noflam\/"},"modified":"2026-01-30T12:03:56","modified_gmt":"2026-01-30T10:03:56","slug":"tubes-de-protection-de-cables-noflam","status":"publish","type":"product","link":"https:\/\/symalit.ch\/fr\/shop\/tubes\/tubes-de-protection-de-cables-noflam\/","title":{"rendered":"Tubes de protection de c\u00e2bles \u00abNoflam\u00bb"},"content":{"rendered":"<p>Pour une utilisation dans les b\u00e2timents publics, les tunnels, l&rsquo;industrie. Difficilement inflammables, ne produisent pas de fum\u00e9es toxiques ou corrosives. Ne contiennent pas de compos\u00e9s de chlore et de brome. Id\u00e9al en combinaison avec des c\u00e2bles ignifuges.   <\/p>\n","protected":false},"excerpt":{"rendered":"<p>Pour une utilisation dans les b\u00e2timents publics, les tunnels, l&rsquo;industrie. Difficilement inflammables, ne produisent pas de fum\u00e9es toxiques ou corrosives. Ne contiennent pas de compos\u00e9s de chlore et de brome. Id\u00e9al en combinaison avec des c\u00e2bles ignifuges.<\/p>\n","protected":false},"featured_media":11328,"template":"","meta":{"_acf_changed":false},"product_brand":[],"product_cat":[1429],"product_tag":[],"class_list":{"0":"post-5944","1":"product","2":"type-product","3":"status-publish","4":"has-post-thumbnail","6":"product_cat-tubes","8":"first","9":"instock","10":"purchasable","11":"product-type-variable"},"acf":[],"aioseo_notices":[],"_links":{"self":[{"href":"https:\/\/symalit.ch\/fr\/wp-json\/wp\/v2\/product\/5944","targetHints":{"allow":["GET"]}}],"collection":[{"href":"https:\/\/symalit.ch\/fr\/wp-json\/wp\/v2\/product"}],"about":[{"href":"https:\/\/symalit.ch\/fr\/wp-json\/wp\/v2\/types\/product"}],"wp:featuredmedia":[{"embeddable":true,"href":"https:\/\/symalit.ch\/fr\/wp-json\/wp\/v2\/media\/11328"}],"wp:attachment":[{"href":"https:\/\/symalit.ch\/fr\/wp-json\/wp\/v2\/media?parent=5944"}],"wp:term":[{"taxonomy":"product_brand","embeddable":true,"href":"https:\/\/symalit.ch\/fr\/wp-json\/wp\/v2\/product_brand?post=5944"},{"taxonomy":"product_cat","embeddable":true,"href":"https:\/\/symalit.ch\/fr\/wp-json\/wp\/v2\/product_cat?post=5944"},{"taxonomy":"product_tag","embeddable":true,"href":"https:\/\/symalit.ch\/fr\/wp-json\/wp\/v2\/product_tag?post=5944"}],"curies":[{"name":"wp","href":"https:\/\/api.w.org\/{rel}","templated":true}]}}