{"id":5960,"date":"2024-07-07T19:57:34","date_gmt":"2024-07-07T19:57:34","guid":{"rendered":"https:\/\/symalit.te-dev.ch\/shop\/non%20class\u00e9\/tubes-de-protection-de-cables-systaflex\/"},"modified":"2026-01-30T12:05:09","modified_gmt":"2026-01-30T10:05:09","slug":"tubes-de-protection-de-cables-systaflex","status":"publish","type":"product","link":"https:\/\/symalit.ch\/fr\/shop\/tubes\/tubes-de-protection-de-cables-systaflex\/","title":{"rendered":"Tubes de protection de c\u00e2bles SYSTAflex \u00e0 longueur sur mesure"},"content":{"rendered":"<p>Protection de c\u00e2ble optimale dans des conditions extr\u00eames. Haute r\u00e9sistance aux pressions apicales. Le rev\u00eatement int\u00e9rieur rainur\u00e9 assure un frottement r\u00e9duit lors du tirage du c\u00e2ble. \u00c9tanche aux \u00e9claboussures.<\/p>\n","protected":false},"excerpt":{"rendered":"<p>Protection de c\u00e2ble optimale dans des conditions extr\u00eames. Haute r\u00e9sistance aux pressions apicales. Le rev\u00eatement int\u00e9rieur rainur\u00e9 assure un frottement r\u00e9duit lors du tirage du c\u00e2ble. \u00c9tanche aux \u00e9claboussures.<\/p>\n","protected":false},"featured_media":12217,"template":"","meta":{"_acf_changed":false},"product_brand":[],"product_cat":[1429],"product_tag":[],"class_list":{"0":"post-5960","1":"product","2":"type-product","3":"status-publish","4":"has-post-thumbnail","6":"product_cat-tubes","8":"first","9":"instock","10":"purchasable","11":"product-type-variable"},"acf":[],"aioseo_notices":[],"_links":{"self":[{"href":"https:\/\/symalit.ch\/fr\/wp-json\/wp\/v2\/product\/5960","targetHints":{"allow":["GET"]}}],"collection":[{"href":"https:\/\/symalit.ch\/fr\/wp-json\/wp\/v2\/product"}],"about":[{"href":"https:\/\/symalit.ch\/fr\/wp-json\/wp\/v2\/types\/product"}],"wp:featuredmedia":[{"embeddable":true,"href":"https:\/\/symalit.ch\/fr\/wp-json\/wp\/v2\/media\/12217"}],"wp:attachment":[{"href":"https:\/\/symalit.ch\/fr\/wp-json\/wp\/v2\/media?parent=5960"}],"wp:term":[{"taxonomy":"product_brand","embeddable":true,"href":"https:\/\/symalit.ch\/fr\/wp-json\/wp\/v2\/product_brand?post=5960"},{"taxonomy":"product_cat","embeddable":true,"href":"https:\/\/symalit.ch\/fr\/wp-json\/wp\/v2\/product_cat?post=5960"},{"taxonomy":"product_tag","embeddable":true,"href":"https:\/\/symalit.ch\/fr\/wp-json\/wp\/v2\/product_tag?post=5960"}],"curies":[{"name":"wp","href":"https:\/\/api.w.org\/{rel}","templated":true}]}}