{"id":6309,"date":"2024-07-08T12:10:50","date_gmt":"2024-07-08T10:10:50","guid":{"rendered":"https:\/\/symalit.te-dev.ch\/shop\/non%20class\u00e9\/cs-coudes-de-protection-de-cables-chiaro-3\/"},"modified":"2026-01-30T12:05:23","modified_gmt":"2026-01-30T10:05:23","slug":"cs-coudes-de-protection-de-cables-chiaro-3","status":"publish","type":"product","link":"https:\/\/symalit.ch\/fr\/shop\/coudes\/cs-coudes-de-protection-de-cables-chiaro-3\/","title":{"rendered":"C+S Coudes de protection de c\u00e2bles chiaro avec rayons sp\u00e9ciaux"},"content":{"rendered":"<p>Autres coudes sp\u00e9ciaux sur demande et assistance de notre service technique pour les ex\u00e9cutions sp\u00e9ciales, les rang\u00e9es de coudes, etc<\/p>\n","protected":false},"excerpt":{"rendered":"<p>Autres coudes sp\u00e9ciaux sur demande et assistance de notre service technique pour les ex\u00e9cutions sp\u00e9ciales, les rang\u00e9es de coudes, etc<\/p>\n","protected":false},"featured_media":11051,"template":"","meta":{"_acf_changed":false},"product_brand":[],"product_cat":[1431],"product_tag":[],"class_list":{"0":"post-6309","1":"product","2":"type-product","3":"status-publish","4":"has-post-thumbnail","6":"product_cat-coudes","8":"first","9":"instock","10":"purchasable","11":"product-type-variable"},"acf":[],"aioseo_notices":[],"_links":{"self":[{"href":"https:\/\/symalit.ch\/fr\/wp-json\/wp\/v2\/product\/6309","targetHints":{"allow":["GET"]}}],"collection":[{"href":"https:\/\/symalit.ch\/fr\/wp-json\/wp\/v2\/product"}],"about":[{"href":"https:\/\/symalit.ch\/fr\/wp-json\/wp\/v2\/types\/product"}],"wp:featuredmedia":[{"embeddable":true,"href":"https:\/\/symalit.ch\/fr\/wp-json\/wp\/v2\/media\/11051"}],"wp:attachment":[{"href":"https:\/\/symalit.ch\/fr\/wp-json\/wp\/v2\/media?parent=6309"}],"wp:term":[{"taxonomy":"product_brand","embeddable":true,"href":"https:\/\/symalit.ch\/fr\/wp-json\/wp\/v2\/product_brand?post=6309"},{"taxonomy":"product_cat","embeddable":true,"href":"https:\/\/symalit.ch\/fr\/wp-json\/wp\/v2\/product_cat?post=6309"},{"taxonomy":"product_tag","embeddable":true,"href":"https:\/\/symalit.ch\/fr\/wp-json\/wp\/v2\/product_tag?post=6309"}],"curies":[{"name":"wp","href":"https:\/\/api.w.org\/{rel}","templated":true}]}}