{"id":6336,"date":"2024-07-08T12:11:07","date_gmt":"2024-07-08T12:11:07","guid":{"rendered":"https:\/\/symalit.te-dev.ch\/shop\/non%20class\u00e9\/coudes-de-protection-de-cables-noflam\/"},"modified":"2026-01-30T12:05:23","modified_gmt":"2026-01-30T10:05:23","slug":"coudes-de-protection-de-cables-noflam","status":"publish","type":"product","link":"https:\/\/symalit.ch\/fr\/shop\/coudes\/coudes-de-protection-de-cables-noflam\/","title":{"rendered":"Coudes de protection de c\u00e2bles Noflam"},"content":{"rendered":"<p>Pour pose dans des b\u00e2timents publics, tunnels, industrie. Ininflammables, sans gaz, ni fum\u00e9es toxiques et corrosives. Sans halog\u00e8ne ni compos\u00e9s de chlore et de brome. Id\u00e9al en compl\u00e9ment aux c\u00e2bles ignifuges.<\/p>\n","protected":false},"excerpt":{"rendered":"<p>Pour pose dans des b\u00e2timents publics, tunnels, industrie. Ininflammables, sans gaz, ni fum\u00e9es toxiques et corrosives. Sans halog\u00e8ne ni compos\u00e9s de chlore et de brome. Id\u00e9al en compl\u00e9ment aux c\u00e2bles ignifuges.<\/p>\n","protected":false},"featured_media":11060,"template":"","meta":{"_acf_changed":false},"product_brand":[],"product_cat":[1431],"product_tag":[],"class_list":{"0":"post-6336","1":"product","2":"type-product","3":"status-publish","4":"has-post-thumbnail","6":"product_cat-coudes","8":"first","9":"instock","10":"purchasable","11":"product-type-variable"},"acf":[],"aioseo_notices":[],"_links":{"self":[{"href":"https:\/\/symalit.ch\/fr\/wp-json\/wp\/v2\/product\/6336","targetHints":{"allow":["GET"]}}],"collection":[{"href":"https:\/\/symalit.ch\/fr\/wp-json\/wp\/v2\/product"}],"about":[{"href":"https:\/\/symalit.ch\/fr\/wp-json\/wp\/v2\/types\/product"}],"wp:featuredmedia":[{"embeddable":true,"href":"https:\/\/symalit.ch\/fr\/wp-json\/wp\/v2\/media\/11060"}],"wp:attachment":[{"href":"https:\/\/symalit.ch\/fr\/wp-json\/wp\/v2\/media?parent=6336"}],"wp:term":[{"taxonomy":"product_brand","embeddable":true,"href":"https:\/\/symalit.ch\/fr\/wp-json\/wp\/v2\/product_brand?post=6336"},{"taxonomy":"product_cat","embeddable":true,"href":"https:\/\/symalit.ch\/fr\/wp-json\/wp\/v2\/product_cat?post=6336"},{"taxonomy":"product_tag","embeddable":true,"href":"https:\/\/symalit.ch\/fr\/wp-json\/wp\/v2\/product_tag?post=6336"}],"curies":[{"name":"wp","href":"https:\/\/api.w.org\/{rel}","templated":true}]}}