{"id":6356,"date":"2024-07-08T12:11:24","date_gmt":"2024-07-08T10:11:24","guid":{"rendered":"https:\/\/symalit.te-dev.ch\/shop\/non%20class\u00e9\/coudes-de-protection-de-cables-flexibles-2\/"},"modified":"2026-01-30T12:04:11","modified_gmt":"2026-01-30T10:04:11","slug":"coudes-de-protection-de-cables-flexibles-2","status":"publish","type":"product","link":"https:\/\/symalit.ch\/fr\/shop\/coudes\/coudes-de-protection-de-cables-flexibles-2\/","title":{"rendered":"Coudes de protection de c\u00e2bles flexibles"},"content":{"rendered":"<p>Acc\u00e8s vertical aux m\u00e2ts, d\u00e9parts de c\u00e2bles, croisements, raccordements d&rsquo;immeubles. La longueur peut \u00eatre adapt\u00e9e avec un manchon de raccordement. Enrobage de b\u00e9ton recommand\u00e9. \u00c9tanche aux \u00e9claboussures.<\/p>\n","protected":false},"excerpt":{"rendered":"<p>Acc\u00e8s vertical aux m\u00e2ts, d\u00e9parts de c\u00e2bles, croisements, raccordements d&rsquo;immeubles. La longueur peut \u00eatre adapt\u00e9e avec un manchon de raccordement. Enrobage de b\u00e9ton recommand\u00e9. \u00c9tanche aux \u00e9claboussures.<\/p>\n","protected":false},"featured_media":11072,"template":"","meta":{"_acf_changed":false},"product_brand":[],"product_cat":[1431],"product_tag":[],"class_list":{"0":"post-6356","1":"product","2":"type-product","3":"status-publish","4":"has-post-thumbnail","6":"product_cat-coudes","8":"first","9":"instock","10":"purchasable","11":"product-type-variable"},"acf":[],"aioseo_notices":[],"_links":{"self":[{"href":"https:\/\/symalit.ch\/fr\/wp-json\/wp\/v2\/product\/6356","targetHints":{"allow":["GET"]}}],"collection":[{"href":"https:\/\/symalit.ch\/fr\/wp-json\/wp\/v2\/product"}],"about":[{"href":"https:\/\/symalit.ch\/fr\/wp-json\/wp\/v2\/types\/product"}],"wp:featuredmedia":[{"embeddable":true,"href":"https:\/\/symalit.ch\/fr\/wp-json\/wp\/v2\/media\/11072"}],"wp:attachment":[{"href":"https:\/\/symalit.ch\/fr\/wp-json\/wp\/v2\/media?parent=6356"}],"wp:term":[{"taxonomy":"product_brand","embeddable":true,"href":"https:\/\/symalit.ch\/fr\/wp-json\/wp\/v2\/product_brand?post=6356"},{"taxonomy":"product_cat","embeddable":true,"href":"https:\/\/symalit.ch\/fr\/wp-json\/wp\/v2\/product_cat?post=6356"},{"taxonomy":"product_tag","embeddable":true,"href":"https:\/\/symalit.ch\/fr\/wp-json\/wp\/v2\/product_tag?post=6356"}],"curies":[{"name":"wp","href":"https:\/\/api.w.org\/{rel}","templated":true}]}}