{"id":6378,"date":"2024-07-08T12:11:41","date_gmt":"2024-07-08T10:11:41","guid":{"rendered":"https:\/\/symalit.te-dev.ch\/shop\/non%20class\u00e9\/coudes-de-protection-de-cables-systaflex\/"},"modified":"2026-01-30T12:05:48","modified_gmt":"2026-01-30T10:05:48","slug":"coudes-de-protection-de-cables-systaflex","status":"publish","type":"product","link":"https:\/\/symalit.ch\/fr\/shop\/coudes\/coudes-de-protection-de-cables-systaflex\/","title":{"rendered":"Coudes de protection de c\u00e2bles SYSTAflex"},"content":{"rendered":"<p>Protection de c\u00e2ble optimale dans des conditions extr\u00eames. En HDPE r\u00e9sistant aux chocs. Haute r\u00e9sistance aux pressions apicales.<\/p>\n","protected":false},"excerpt":{"rendered":"<p>Protection de c\u00e2ble optimale dans des conditions extr\u00eames. En HDPE r\u00e9sistant aux chocs. Haute r\u00e9sistance aux pressions apicales.<\/p>\n","protected":false},"featured_media":11063,"template":"","meta":{"_acf_changed":false},"product_brand":[],"product_cat":[1431],"product_tag":[],"class_list":{"0":"post-6378","1":"product","2":"type-product","3":"status-publish","4":"has-post-thumbnail","6":"product_cat-coudes","8":"first","9":"instock","10":"purchasable","11":"product-type-variable"},"acf":[],"aioseo_notices":[],"_links":{"self":[{"href":"https:\/\/symalit.ch\/fr\/wp-json\/wp\/v2\/product\/6378","targetHints":{"allow":["GET"]}}],"collection":[{"href":"https:\/\/symalit.ch\/fr\/wp-json\/wp\/v2\/product"}],"about":[{"href":"https:\/\/symalit.ch\/fr\/wp-json\/wp\/v2\/types\/product"}],"wp:featuredmedia":[{"embeddable":true,"href":"https:\/\/symalit.ch\/fr\/wp-json\/wp\/v2\/media\/11063"}],"wp:attachment":[{"href":"https:\/\/symalit.ch\/fr\/wp-json\/wp\/v2\/media?parent=6378"}],"wp:term":[{"taxonomy":"product_brand","embeddable":true,"href":"https:\/\/symalit.ch\/fr\/wp-json\/wp\/v2\/product_brand?post=6378"},{"taxonomy":"product_cat","embeddable":true,"href":"https:\/\/symalit.ch\/fr\/wp-json\/wp\/v2\/product_cat?post=6378"},{"taxonomy":"product_tag","embeddable":true,"href":"https:\/\/symalit.ch\/fr\/wp-json\/wp\/v2\/product_tag?post=6378"}],"curies":[{"name":"wp","href":"https:\/\/api.w.org\/{rel}","templated":true}]}}