{"id":6871,"date":"2024-07-10T06:23:46","date_gmt":"2024-07-10T04:23:46","guid":{"rendered":"https:\/\/symalit.te-dev.ch\/shop\/non%20class\u00e9\/tubes-dintroduction-avec-joint\/"},"modified":"2026-01-30T12:05:08","modified_gmt":"2026-01-30T10:05:08","slug":"tubes-dintroduction-avec-joint","status":"publish","type":"product","link":"https:\/\/symalit.ch\/fr\/shop\/pieces-formees\/tubes-dintroduction-avec-joint\/","title":{"rendered":"Tubes d\u2019introduction"},"content":{"rendered":"<p>Pour introduction dans chambres et immeubles. Peuvent \u00eatre scell\u00e9s dans des orifices perc\u00e9s ult\u00e9rieurement.<\/p>\n","protected":false},"excerpt":{"rendered":"<p>Pour introduction dans chambres et immeubles. Peuvent \u00eatre scell\u00e9s dans des orifices perc\u00e9s ult\u00e9rieurement.<\/p>\n","protected":false},"featured_media":11397,"template":"","meta":{"_acf_changed":false},"product_brand":[],"product_cat":[3616],"product_tag":[],"class_list":{"0":"post-6871","1":"product","2":"type-product","3":"status-publish","4":"has-post-thumbnail","6":"product_cat-pieces-formees","8":"first","9":"instock","10":"purchasable","11":"product-type-variable"},"acf":[],"aioseo_notices":[],"_links":{"self":[{"href":"https:\/\/symalit.ch\/fr\/wp-json\/wp\/v2\/product\/6871","targetHints":{"allow":["GET"]}}],"collection":[{"href":"https:\/\/symalit.ch\/fr\/wp-json\/wp\/v2\/product"}],"about":[{"href":"https:\/\/symalit.ch\/fr\/wp-json\/wp\/v2\/types\/product"}],"wp:featuredmedia":[{"embeddable":true,"href":"https:\/\/symalit.ch\/fr\/wp-json\/wp\/v2\/media\/11397"}],"wp:attachment":[{"href":"https:\/\/symalit.ch\/fr\/wp-json\/wp\/v2\/media?parent=6871"}],"wp:term":[{"taxonomy":"product_brand","embeddable":true,"href":"https:\/\/symalit.ch\/fr\/wp-json\/wp\/v2\/product_brand?post=6871"},{"taxonomy":"product_cat","embeddable":true,"href":"https:\/\/symalit.ch\/fr\/wp-json\/wp\/v2\/product_cat?post=6871"},{"taxonomy":"product_tag","embeddable":true,"href":"https:\/\/symalit.ch\/fr\/wp-json\/wp\/v2\/product_tag?post=6871"}],"curies":[{"name":"wp","href":"https:\/\/api.w.org\/{rel}","templated":true}]}}