{"id":6877,"date":"2024-07-10T06:23:46","date_gmt":"2024-07-10T04:23:46","guid":{"rendered":"https:\/\/symalit.te-dev.ch\/shop\/non%20class\u00e9\/tubes-dintroduction-en-matiere-brute-avec-joint\/"},"modified":"2026-01-30T12:05:36","modified_gmt":"2026-01-30T10:05:36","slug":"tubes-dintroduction-en-matiere-brute-avec-joint","status":"publish","type":"product","link":"https:\/\/symalit.ch\/fr\/shop\/pieces-formees\/tubes-dintroduction-en-matiere-brute-avec-joint\/","title":{"rendered":"Tubes d\u2019introduction en mati\u00e8re brute"},"content":{"rendered":"<p>R\u00e9sistant \u00e0 la corrosion et \u00e0 l\u2019alt\u00e9ration, insensible au gel. Montage facile et rapide. La rugosit\u00e9 de la mati\u00e8re brute assure une bonne stabilit\u00e9 dans le b\u00e9ton.  La rugosit\u00e9 garantit un bon ancrage dans le b\u00e9ton.<\/p>\n","protected":false},"excerpt":{"rendered":"<p>R\u00e9sistant \u00e0 la corrosion et \u00e0 l\u2019alt\u00e9ration, insensible au gel. Montage facile et rapide. La rugosit\u00e9 de la mati\u00e8re brute assure une bonne stabilit\u00e9 dans le b\u00e9ton. La rugosit\u00e9 garantit un bon ancrage dans le b\u00e9ton.<\/p>\n","protected":false},"featured_media":11452,"template":"","meta":{"_acf_changed":false},"product_brand":[],"product_cat":[3616],"product_tag":[],"class_list":{"0":"post-6877","1":"product","2":"type-product","3":"status-publish","4":"has-post-thumbnail","6":"product_cat-pieces-formees","8":"first","9":"instock","10":"purchasable","11":"product-type-variable"},"acf":[],"aioseo_notices":[],"_links":{"self":[{"href":"https:\/\/symalit.ch\/fr\/wp-json\/wp\/v2\/product\/6877","targetHints":{"allow":["GET"]}}],"collection":[{"href":"https:\/\/symalit.ch\/fr\/wp-json\/wp\/v2\/product"}],"about":[{"href":"https:\/\/symalit.ch\/fr\/wp-json\/wp\/v2\/types\/product"}],"wp:featuredmedia":[{"embeddable":true,"href":"https:\/\/symalit.ch\/fr\/wp-json\/wp\/v2\/media\/11452"}],"wp:attachment":[{"href":"https:\/\/symalit.ch\/fr\/wp-json\/wp\/v2\/media?parent=6877"}],"wp:term":[{"taxonomy":"product_brand","embeddable":true,"href":"https:\/\/symalit.ch\/fr\/wp-json\/wp\/v2\/product_brand?post=6877"},{"taxonomy":"product_cat","embeddable":true,"href":"https:\/\/symalit.ch\/fr\/wp-json\/wp\/v2\/product_cat?post=6877"},{"taxonomy":"product_tag","embeddable":true,"href":"https:\/\/symalit.ch\/fr\/wp-json\/wp\/v2\/product_tag?post=6877"}],"curies":[{"name":"wp","href":"https:\/\/api.w.org\/{rel}","templated":true}]}}