{"id":6889,"date":"2024-07-10T06:24:04","date_gmt":"2024-07-10T04:24:04","guid":{"rendered":"https:\/\/symalit.te-dev.ch\/shop\/non%20class\u00e9\/manchons-de-dilatation\/"},"modified":"2026-01-30T11:59:41","modified_gmt":"2026-01-30T09:59:41","slug":"manchons-de-dilatation","status":"publish","type":"product","link":"https:\/\/symalit.ch\/fr\/shop\/pieces-formees\/manchons-de-dilatation\/","title":{"rendered":"Manchons de dilatation"},"content":{"rendered":"<p>Indispensable pour des installations hors-sol (particuli\u00e8rement sous des ponts) pour l&rsquo;adaptation d&rsquo;\u00e9tirement lors de changements de temp\u00e9ratures. Couche de finition grise (DN 60) ou blanche (DN 80 et plus) avec bandes rouges. D&rsquo;autres longueurs sont disponibles sur demande.<\/p>\n","protected":false},"excerpt":{"rendered":"<p>Indispensable pour des installations hors-sol (particuli\u00e8rement sous des ponts) pour l&rsquo;adaptation d&rsquo;\u00e9tirement lors de changements de temp\u00e9ratures. Couche de finition grise (DN 60) ou blanche (DN 80 et plus) avec bandes rouges. D&rsquo;autres longueurs sont disponibles sur demande.<\/p>\n","protected":false},"featured_media":11141,"template":"","meta":{"_acf_changed":false},"product_brand":[],"product_cat":[3616],"product_tag":[],"class_list":{"0":"post-6889","1":"product","2":"type-product","3":"status-publish","4":"has-post-thumbnail","6":"product_cat-pieces-formees","8":"first","9":"instock","10":"purchasable","11":"product-type-variable"},"acf":[],"aioseo_notices":[],"_links":{"self":[{"href":"https:\/\/symalit.ch\/fr\/wp-json\/wp\/v2\/product\/6889","targetHints":{"allow":["GET"]}}],"collection":[{"href":"https:\/\/symalit.ch\/fr\/wp-json\/wp\/v2\/product"}],"about":[{"href":"https:\/\/symalit.ch\/fr\/wp-json\/wp\/v2\/types\/product"}],"wp:featuredmedia":[{"embeddable":true,"href":"https:\/\/symalit.ch\/fr\/wp-json\/wp\/v2\/media\/11141"}],"wp:attachment":[{"href":"https:\/\/symalit.ch\/fr\/wp-json\/wp\/v2\/media?parent=6889"}],"wp:term":[{"taxonomy":"product_brand","embeddable":true,"href":"https:\/\/symalit.ch\/fr\/wp-json\/wp\/v2\/product_brand?post=6889"},{"taxonomy":"product_cat","embeddable":true,"href":"https:\/\/symalit.ch\/fr\/wp-json\/wp\/v2\/product_cat?post=6889"},{"taxonomy":"product_tag","embeddable":true,"href":"https:\/\/symalit.ch\/fr\/wp-json\/wp\/v2\/product_tag?post=6889"}],"curies":[{"name":"wp","href":"https:\/\/api.w.org\/{rel}","templated":true}]}}