{"id":7196,"date":"2024-07-10T07:18:22","date_gmt":"2024-07-10T05:18:22","guid":{"rendered":"https:\/\/symalit.te-dev.ch\/shop\/non%20class\u00e9\/tubes-de-fondation-symalit-serie-standard\/"},"modified":"2026-01-30T12:04:54","modified_gmt":"2026-01-30T10:04:54","slug":"tubes-de-fondation-symalit-serie-standard","status":"publish","type":"product","link":"https:\/\/symalit.ch\/fr\/shop\/tubes-de-fondation\/tubes-de-fondation-symalit-serie-standard\/","title":{"rendered":"Tubes de fondation \u00abStandard\u00bb, Type&nbsp;A"},"content":{"rendered":"<p>Tube avec tubes flexibles pour introduction lat\u00e9rale. Pour m\u00e2ts d\u2019\u00e9clairage avec hauteur du point lumineux jusqu\u2019\u00e0 12 m\u00e8tres. Pour montages de c\u00e2bles avantageux. Diff\u00e9rents accessoires livrables. Les d\u00e9parts sont plac\u00e9s \u00e0 mi-hauteur du tube pour tous les mod\u00e8les.<\/p>\n<p>Ex\u00e9cutions particuli\u00e8res possibles, veuillez nous contacter.<\/p>\n","protected":false},"excerpt":{"rendered":"<p>Tube avec tubes flexibles pour introduction lat\u00e9rale. Pour m\u00e2ts d\u2019\u00e9clairage avec hauteur du point lumineux jusqu\u2019\u00e0 12 m\u00e8tres. Pour montages de c\u00e2bles avantageux. Diff\u00e9rents accessoires livrables. Les d\u00e9parts sont plac\u00e9s \u00e0 mi-hauteur du tube pour tous les mod\u00e8les. Ex\u00e9cutions particuli\u00e8res possibles, veuillez nous contacter.<\/p>\n","protected":false},"featured_media":11181,"template":"","meta":{"_acf_changed":false},"product_brand":[],"product_cat":[3629],"product_tag":[],"class_list":{"0":"post-7196","1":"product","2":"type-product","3":"status-publish","4":"has-post-thumbnail","6":"product_cat-tubes-de-fondation","8":"first","9":"instock","10":"purchasable","11":"product-type-variable"},"acf":[],"aioseo_notices":[],"_links":{"self":[{"href":"https:\/\/symalit.ch\/fr\/wp-json\/wp\/v2\/product\/7196","targetHints":{"allow":["GET"]}}],"collection":[{"href":"https:\/\/symalit.ch\/fr\/wp-json\/wp\/v2\/product"}],"about":[{"href":"https:\/\/symalit.ch\/fr\/wp-json\/wp\/v2\/types\/product"}],"wp:featuredmedia":[{"embeddable":true,"href":"https:\/\/symalit.ch\/fr\/wp-json\/wp\/v2\/media\/11181"}],"wp:attachment":[{"href":"https:\/\/symalit.ch\/fr\/wp-json\/wp\/v2\/media?parent=7196"}],"wp:term":[{"taxonomy":"product_brand","embeddable":true,"href":"https:\/\/symalit.ch\/fr\/wp-json\/wp\/v2\/product_brand?post=7196"},{"taxonomy":"product_cat","embeddable":true,"href":"https:\/\/symalit.ch\/fr\/wp-json\/wp\/v2\/product_cat?post=7196"},{"taxonomy":"product_tag","embeddable":true,"href":"https:\/\/symalit.ch\/fr\/wp-json\/wp\/v2\/product_tag?post=7196"}],"curies":[{"name":"wp","href":"https:\/\/api.w.org\/{rel}","templated":true}]}}