{"id":7384,"date":"2024-07-10T07:30:57","date_gmt":"2024-07-10T05:30:57","guid":{"rendered":"https:\/\/symalit.te-dev.ch\/shop\/non%20class\u00e9\/sym-box-chambre-a-cables\/"},"modified":"2026-01-30T12:04:41","modified_gmt":"2026-01-30T10:04:41","slug":"sym-box-chambre-a-cables","status":"publish","type":"product","link":"https:\/\/symalit.ch\/fr\/shop\/chambres-a-cables\/sym-box-chambre-a-cables\/","title":{"rendered":"SYM-Box, chambre \u00e0 c\u00e2bles"},"content":{"rendered":"<p>Les charges de la gaine doivent \u00eatre d\u00e9termin\u00e9es par le client et d\u00e9pendent de diff\u00e9rents facteurs. Voir les directives de pose des chambres de c\u00e2bles SYM-BOX. <\/p>\n<p>D\u00e9lai de livraison des chambres non disponibles en stock : 5 \u00e0 10 jours ouvrables.<br \/>\nDimensions en tant que mesure int\u00e9rieure. El\u00e9ments de hauteur \u00e0 15 cm.<br \/>\nDimensions sp\u00e9ciales r\u00e9alisables sur demande. <\/p>\n","protected":false},"excerpt":{"rendered":"<p>Les charges de la gaine doivent \u00eatre d\u00e9termin\u00e9es par le client et d\u00e9pendent de diff\u00e9rents facteurs. Voir les directives de pose des chambres de c\u00e2bles SYM-BOX. D\u00e9lai de livraison des chambres non disponibles en stock : 5 \u00e0 10 jours ouvrables. Dimensions en tant que mesure int\u00e9rieure. El\u00e9ments de hauteur \u00e0 15 cm. Dimensions sp\u00e9ciales [&hellip;]<\/p>\n","protected":false},"featured_media":11196,"template":"","meta":{"_acf_changed":false},"product_brand":[],"product_cat":[3633],"product_tag":[],"class_list":{"0":"post-7384","1":"product","2":"type-product","3":"status-publish","4":"has-post-thumbnail","6":"product_cat-chambres-a-cables","8":"first","9":"instock","10":"purchasable","11":"product-type-variable"},"acf":[],"aioseo_notices":[],"_links":{"self":[{"href":"https:\/\/symalit.ch\/fr\/wp-json\/wp\/v2\/product\/7384","targetHints":{"allow":["GET"]}}],"collection":[{"href":"https:\/\/symalit.ch\/fr\/wp-json\/wp\/v2\/product"}],"about":[{"href":"https:\/\/symalit.ch\/fr\/wp-json\/wp\/v2\/types\/product"}],"wp:featuredmedia":[{"embeddable":true,"href":"https:\/\/symalit.ch\/fr\/wp-json\/wp\/v2\/media\/11196"}],"wp:attachment":[{"href":"https:\/\/symalit.ch\/fr\/wp-json\/wp\/v2\/media?parent=7384"}],"wp:term":[{"taxonomy":"product_brand","embeddable":true,"href":"https:\/\/symalit.ch\/fr\/wp-json\/wp\/v2\/product_brand?post=7384"},{"taxonomy":"product_cat","embeddable":true,"href":"https:\/\/symalit.ch\/fr\/wp-json\/wp\/v2\/product_cat?post=7384"},{"taxonomy":"product_tag","embeddable":true,"href":"https:\/\/symalit.ch\/fr\/wp-json\/wp\/v2\/product_tag?post=7384"}],"curies":[{"name":"wp","href":"https:\/\/api.w.org\/{rel}","templated":true}]}}