{"id":8462,"date":"2024-07-15T12:54:22","date_gmt":"2024-07-15T10:54:22","guid":{"rendered":"https:\/\/symalit.te-dev.ch\/shop\/non%20class\u00e9\/symalit-serre-cables-2\/"},"modified":"2026-01-30T12:04:55","modified_gmt":"2026-01-30T10:04:55","slug":"symalit-serre-cables-2","status":"publish","type":"product","link":"https:\/\/symalit.ch\/fr\/shop\/accessoires\/symalit-serre-cables-2\/","title":{"rendered":"Serre-c\u00e2bles SE"},"content":{"rendered":"<p>En polyamide renforc\u00e9 de fibre de verre et autres additifs.<br \/>\nDur\u00e9e de r\u00e9sistance &gt; 50 ans.<br \/>\nPour montage int\u00e9rieur et ext\u00e9rieur (r\u00e9sistant \u00e0 l\u2019humidit\u00e9).<br \/>\nR\u00e9sistant \u00e0 la corrosion, \u00e0 l\u2019ozone, au gel, \u00e0 l\u2019huile, \u00e0 l\u2019acide au sel ainsi qu\u2019aux rayons UV.<br \/>\nR\u00e9sistant aux variations de temp\u00e9ratures de -40\u00b0 \u00e0 +120\u00b0.<br \/>\nSans mat\u00e9riel de fixation (filetage, vis, rails).<\/p>\n","protected":false},"excerpt":{"rendered":"<p>En polyamide renforc\u00e9 de fibre de verre et autres additifs. Dur\u00e9e de r\u00e9sistance &gt; 50 ans. Pour montage int\u00e9rieur et ext\u00e9rieur (r\u00e9sistant \u00e0 l\u2019humidit\u00e9). R\u00e9sistant \u00e0 la corrosion, \u00e0 l\u2019ozone, au gel, \u00e0 l\u2019huile, \u00e0 l\u2019acide au sel ainsi qu\u2019aux rayons UV. R\u00e9sistant aux variations de temp\u00e9ratures de -40\u00b0 \u00e0 +120\u00b0. Sans mat\u00e9riel de fixation [&hellip;]<\/p>\n","protected":false},"featured_media":11479,"template":"","meta":{"_acf_changed":false},"product_brand":[],"product_cat":[3631],"product_tag":[],"class_list":{"0":"post-8462","1":"product","2":"type-product","3":"status-publish","4":"has-post-thumbnail","6":"product_cat-accessoires","8":"first","9":"instock","10":"purchasable","11":"product-type-variable"},"acf":[],"aioseo_notices":[],"_links":{"self":[{"href":"https:\/\/symalit.ch\/fr\/wp-json\/wp\/v2\/product\/8462","targetHints":{"allow":["GET"]}}],"collection":[{"href":"https:\/\/symalit.ch\/fr\/wp-json\/wp\/v2\/product"}],"about":[{"href":"https:\/\/symalit.ch\/fr\/wp-json\/wp\/v2\/types\/product"}],"wp:featuredmedia":[{"embeddable":true,"href":"https:\/\/symalit.ch\/fr\/wp-json\/wp\/v2\/media\/11479"}],"wp:attachment":[{"href":"https:\/\/symalit.ch\/fr\/wp-json\/wp\/v2\/media?parent=8462"}],"wp:term":[{"taxonomy":"product_brand","embeddable":true,"href":"https:\/\/symalit.ch\/fr\/wp-json\/wp\/v2\/product_brand?post=8462"},{"taxonomy":"product_cat","embeddable":true,"href":"https:\/\/symalit.ch\/fr\/wp-json\/wp\/v2\/product_cat?post=8462"},{"taxonomy":"product_tag","embeddable":true,"href":"https:\/\/symalit.ch\/fr\/wp-json\/wp\/v2\/product_tag?post=8462"}],"curies":[{"name":"wp","href":"https:\/\/api.w.org\/{rel}","templated":true}]}}