{"id":8471,"date":"2024-07-15T12:54:22","date_gmt":"2024-07-15T10:54:22","guid":{"rendered":"https:\/\/symalit.te-dev.ch\/shop\/non%20class\u00e9\/plaques-de-couverture-de-cables\/"},"modified":"2026-01-30T12:04:12","modified_gmt":"2026-01-30T10:04:12","slug":"plaques-de-couverture-de-cables","status":"publish","type":"product","link":"https:\/\/symalit.ch\/fr\/shop\/accessoires\/plaques-de-couverture-de-cables\/","title":{"rendered":"Plaques de couverture de c\u00e2bles"},"content":{"rendered":"<p>Couvercle alternatif pour manchons de c\u00e2bles. Utilisation \u00e0 l&rsquo;ext\u00e9rieur des routes. Ne convient pas aux lieux de passage.<\/p>\n","protected":false},"excerpt":{"rendered":"<p>Couvercle alternatif pour manchons de c\u00e2bles. Utilisation \u00e0 l&rsquo;ext\u00e9rieur des routes. Ne convient pas aux lieux de passage.<\/p>\n","protected":false},"featured_media":12237,"template":"","meta":{"_acf_changed":false},"product_brand":[],"product_cat":[3631],"product_tag":[],"class_list":{"0":"post-8471","1":"product","2":"type-product","3":"status-publish","4":"has-post-thumbnail","6":"product_cat-accessoires","8":"first","9":"instock","10":"purchasable","11":"product-type-variable"},"acf":[],"aioseo_notices":[],"_links":{"self":[{"href":"https:\/\/symalit.ch\/fr\/wp-json\/wp\/v2\/product\/8471","targetHints":{"allow":["GET"]}}],"collection":[{"href":"https:\/\/symalit.ch\/fr\/wp-json\/wp\/v2\/product"}],"about":[{"href":"https:\/\/symalit.ch\/fr\/wp-json\/wp\/v2\/types\/product"}],"wp:featuredmedia":[{"embeddable":true,"href":"https:\/\/symalit.ch\/fr\/wp-json\/wp\/v2\/media\/12237"}],"wp:attachment":[{"href":"https:\/\/symalit.ch\/fr\/wp-json\/wp\/v2\/media?parent=8471"}],"wp:term":[{"taxonomy":"product_brand","embeddable":true,"href":"https:\/\/symalit.ch\/fr\/wp-json\/wp\/v2\/product_brand?post=8471"},{"taxonomy":"product_cat","embeddable":true,"href":"https:\/\/symalit.ch\/fr\/wp-json\/wp\/v2\/product_cat?post=8471"},{"taxonomy":"product_tag","embeddable":true,"href":"https:\/\/symalit.ch\/fr\/wp-json\/wp\/v2\/product_tag?post=8471"}],"curies":[{"name":"wp","href":"https:\/\/api.w.org\/{rel}","templated":true}]}}