{"id":8476,"date":"2024-07-15T12:54:22","date_gmt":"2024-07-15T10:54:22","guid":{"rendered":"https:\/\/symalit.te-dev.ch\/shop\/non%20class\u00e9\/set-de-tetes-de-fraises-a-cloche\/"},"modified":"2026-01-30T12:04:12","modified_gmt":"2026-01-30T10:04:12","slug":"set-de-tetes-de-fraises-a-cloche","status":"publish","type":"product","link":"https:\/\/symalit.ch\/fr\/shop\/accessoires\/set-de-tetes-de-fraises-a-cloche\/","title":{"rendered":"Kit de scies-cloches"},"content":{"rendered":"<p>Comprenant fraise \u00e0 trous, m\u00e8che, r\u00e9cup\u00e9rateur de d\u00e9chets de per\u00e7age. Pour per\u00e7age rapide et s\u00e9curis\u00e9 des chambres SYM-Box. Surface propre, chanfreiner souvent superflu. Expulsion automatique des d\u00e9chets. Sur demande coffret en coque dure avec int\u00e9rieur tapiss\u00e9 de caoutchouc mousse (coffret fr. 350.&#8211;)<\/p>\n","protected":false},"excerpt":{"rendered":"<p>Comprenant fraise \u00e0 trous, m\u00e8che, r\u00e9cup\u00e9rateur de d\u00e9chets de per\u00e7age. Pour per\u00e7age rapide et s\u00e9curis\u00e9 des chambres SYM-Box. Surface propre, chanfreiner souvent superflu. Expulsion automatique des d\u00e9chets. Sur demande coffret en coque dure avec int\u00e9rieur tapiss\u00e9 de caoutchouc mousse (coffret fr. 350.&#8211;)<\/p>\n","protected":false},"featured_media":11476,"template":"","meta":{"_acf_changed":false},"product_brand":[],"product_cat":[3631],"product_tag":[],"class_list":{"0":"post-8476","1":"product","2":"type-product","3":"status-publish","4":"has-post-thumbnail","6":"product_cat-accessoires","8":"first","9":"instock","10":"purchasable","11":"product-type-variable"},"acf":[],"aioseo_notices":[],"_links":{"self":[{"href":"https:\/\/symalit.ch\/fr\/wp-json\/wp\/v2\/product\/8476","targetHints":{"allow":["GET"]}}],"collection":[{"href":"https:\/\/symalit.ch\/fr\/wp-json\/wp\/v2\/product"}],"about":[{"href":"https:\/\/symalit.ch\/fr\/wp-json\/wp\/v2\/types\/product"}],"wp:featuredmedia":[{"embeddable":true,"href":"https:\/\/symalit.ch\/fr\/wp-json\/wp\/v2\/media\/11476"}],"wp:attachment":[{"href":"https:\/\/symalit.ch\/fr\/wp-json\/wp\/v2\/media?parent=8476"}],"wp:term":[{"taxonomy":"product_brand","embeddable":true,"href":"https:\/\/symalit.ch\/fr\/wp-json\/wp\/v2\/product_brand?post=8476"},{"taxonomy":"product_cat","embeddable":true,"href":"https:\/\/symalit.ch\/fr\/wp-json\/wp\/v2\/product_cat?post=8476"},{"taxonomy":"product_tag","embeddable":true,"href":"https:\/\/symalit.ch\/fr\/wp-json\/wp\/v2\/product_tag?post=8476"}],"curies":[{"name":"wp","href":"https:\/\/api.w.org\/{rel}","templated":true}]}}