{"id":8489,"date":"2024-07-15T12:54:38","date_gmt":"2024-07-15T12:54:38","guid":{"rendered":"https:\/\/symalit.te-dev.ch\/shop\/non%20class\u00e9\/bande-de-signalisation-du-trace\/"},"modified":"2026-01-30T12:04:15","modified_gmt":"2026-01-30T10:04:15","slug":"bande-de-signalisation-du-trace","status":"publish","type":"product","link":"https:\/\/symalit.ch\/fr\/shop\/accessoires\/bande-de-signalisation-du-trace\/","title":{"rendered":"Bande de signalisation du trac\u00e9"},"content":{"rendered":"<p>Augmente la s\u00e9curit\u00e9 pour pr\u00e9venir les d\u00e9t\u00e9riorations. Ceci est prescrit dans la directive AES (VKK-CH2022). Profondeur de pose id\u00e9ale: 50 cm sous la surface du sol.<\/p>\n","protected":false},"excerpt":{"rendered":"<p>Augmente la s\u00e9curit\u00e9 pour pr\u00e9venir les d\u00e9t\u00e9riorations. Ceci est prescrit dans la directive AES (VKK-CH2022). Profondeur de pose id\u00e9ale: 50 cm sous la surface du sol.<\/p>\n","protected":false},"featured_media":11424,"template":"","meta":{"_acf_changed":false},"product_brand":[],"product_cat":[3631],"product_tag":[],"class_list":{"0":"post-8489","1":"product","2":"type-product","3":"status-publish","4":"has-post-thumbnail","6":"product_cat-accessoires","8":"first","9":"instock","10":"purchasable","11":"product-type-variable"},"acf":[],"aioseo_notices":[],"_links":{"self":[{"href":"https:\/\/symalit.ch\/fr\/wp-json\/wp\/v2\/product\/8489","targetHints":{"allow":["GET"]}}],"collection":[{"href":"https:\/\/symalit.ch\/fr\/wp-json\/wp\/v2\/product"}],"about":[{"href":"https:\/\/symalit.ch\/fr\/wp-json\/wp\/v2\/types\/product"}],"wp:featuredmedia":[{"embeddable":true,"href":"https:\/\/symalit.ch\/fr\/wp-json\/wp\/v2\/media\/11424"}],"wp:attachment":[{"href":"https:\/\/symalit.ch\/fr\/wp-json\/wp\/v2\/media?parent=8489"}],"wp:term":[{"taxonomy":"product_brand","embeddable":true,"href":"https:\/\/symalit.ch\/fr\/wp-json\/wp\/v2\/product_brand?post=8489"},{"taxonomy":"product_cat","embeddable":true,"href":"https:\/\/symalit.ch\/fr\/wp-json\/wp\/v2\/product_cat?post=8489"},{"taxonomy":"product_tag","embeddable":true,"href":"https:\/\/symalit.ch\/fr\/wp-json\/wp\/v2\/product_tag?post=8489"}],"curies":[{"name":"wp","href":"https:\/\/api.w.org\/{rel}","templated":true}]}}