{"id":9118,"date":"2024-07-26T08:35:45","date_gmt":"2024-07-26T06:35:45","guid":{"rendered":"https:\/\/symalit.te-dev.ch\/shop\/non%20class\u00e9\/denudeur-63-225\/"},"modified":"2025-12-04T11:36:00","modified_gmt":"2025-12-04T09:36:00","slug":"denudeur-63-225","status":"publish","type":"product","link":"https:\/\/symalit.ch\/fr\/shop\/accessoires\/denudeur-63-225\/","title":{"rendered":"D\u00e9nudeur 63\/225"},"content":{"rendered":"<p>Conditions de location:<br \/>\nLe loueur s\u2018engage \u00e0 utiliser le mat\u00e9riel avec soin et de le rendre propre, entier et en parfait \u00e9tat de fonctionnement. Toute perte ou dommage sera factur\u00e9. Le mat\u00e9riel sera factur\u00e9 au prix neuf. Les modes d\u2018emplois doivent \u00eatre suivis imp\u00e9rativement. Se renseigner sur les conditions de location en vigueur.   <\/p>\n","protected":false},"excerpt":{"rendered":"<p>Conditions de location: Le loueur s\u2018engage \u00e0 utiliser le mat\u00e9riel avec soin et de le rendre propre, entier et en parfait \u00e9tat de fonctionnement. Toute perte ou dommage sera factur\u00e9. Le mat\u00e9riel sera factur\u00e9 au prix neuf. Les modes d\u2018emplois doivent \u00eatre suivis imp\u00e9rativement. Se renseigner sur les conditions de location en vigueur.<\/p>\n","protected":false},"featured_media":13256,"template":"","meta":{"_acf_changed":false},"product_brand":[],"product_cat":[3631],"product_tag":[],"class_list":{"0":"post-9118","1":"product","2":"type-product","3":"status-publish","4":"has-post-thumbnail","6":"product_cat-accessoires","8":"first","9":"instock","10":"purchasable","11":"product-type-simple"},"acf":[],"aioseo_notices":[],"_links":{"self":[{"href":"https:\/\/symalit.ch\/fr\/wp-json\/wp\/v2\/product\/9118","targetHints":{"allow":["GET"]}}],"collection":[{"href":"https:\/\/symalit.ch\/fr\/wp-json\/wp\/v2\/product"}],"about":[{"href":"https:\/\/symalit.ch\/fr\/wp-json\/wp\/v2\/types\/product"}],"wp:featuredmedia":[{"embeddable":true,"href":"https:\/\/symalit.ch\/fr\/wp-json\/wp\/v2\/media\/13256"}],"wp:attachment":[{"href":"https:\/\/symalit.ch\/fr\/wp-json\/wp\/v2\/media?parent=9118"}],"wp:term":[{"taxonomy":"product_brand","embeddable":true,"href":"https:\/\/symalit.ch\/fr\/wp-json\/wp\/v2\/product_brand?post=9118"},{"taxonomy":"product_cat","embeddable":true,"href":"https:\/\/symalit.ch\/fr\/wp-json\/wp\/v2\/product_cat?post=9118"},{"taxonomy":"product_tag","embeddable":true,"href":"https:\/\/symalit.ch\/fr\/wp-json\/wp\/v2\/product_tag?post=9118"}],"curies":[{"name":"wp","href":"https:\/\/api.w.org\/{rel}","templated":true}]}}