{"id":9236,"date":"2024-07-26T08:35:45","date_gmt":"2024-07-26T06:35:45","guid":{"rendered":"https:\/\/symalit.te-dev.ch\/shop\/non%20class\u00e9\/appareil-a-souder-2\/"},"modified":"2026-01-20T10:55:23","modified_gmt":"2026-01-20T08:55:23","slug":"appareil-a-souder-2","status":"publish","type":"product","link":"https:\/\/symalit.ch\/fr\/shop\/accessoires\/appareil-a-souder-2\/","title":{"rendered":"Appareil \u00e0 souder"},"content":{"rendered":"<p>Taxe de base : Fr. 75.- <\/p>\n<p>&nbsp;<\/p>\n<p>Conditions de location :<\/p>\n<p>Le locataire s\u2019engage \u00e0 manipuler les appareils avec soin et \u00e0 les retourner propres, complets et en parfait \u00e9tat de fonctionnement.<br \/>\nLe mat\u00e9riel perdu ou endommag\u00e9 sera factur\u00e9 au prix du neuf.<br \/>\nLes instructions d\u2019utilisation doivent \u00eatre imp\u00e9rativement respect\u00e9es.<\/p>\n","protected":false},"excerpt":{"rendered":"<p>Taxe de base : Fr. 75.- &nbsp; Conditions de location : Le locataire s\u2019engage \u00e0 manipuler les appareils avec soin et \u00e0 les retourner propres, complets et en parfait \u00e9tat de fonctionnement. Le mat\u00e9riel perdu ou endommag\u00e9 sera factur\u00e9 au prix du neuf. Les instructions d\u2019utilisation doivent \u00eatre imp\u00e9rativement respect\u00e9es.<\/p>\n","protected":false},"featured_media":12227,"template":"","meta":{"_acf_changed":false},"product_brand":[],"product_cat":[3631],"product_tag":[],"class_list":{"0":"post-9236","1":"product","2":"type-product","3":"status-publish","4":"has-post-thumbnail","6":"product_cat-accessoires","8":"first","9":"instock","10":"purchasable","11":"product-type-variable"},"acf":[],"aioseo_notices":[],"_links":{"self":[{"href":"https:\/\/symalit.ch\/fr\/wp-json\/wp\/v2\/product\/9236","targetHints":{"allow":["GET"]}}],"collection":[{"href":"https:\/\/symalit.ch\/fr\/wp-json\/wp\/v2\/product"}],"about":[{"href":"https:\/\/symalit.ch\/fr\/wp-json\/wp\/v2\/types\/product"}],"wp:featuredmedia":[{"embeddable":true,"href":"https:\/\/symalit.ch\/fr\/wp-json\/wp\/v2\/media\/12227"}],"wp:attachment":[{"href":"https:\/\/symalit.ch\/fr\/wp-json\/wp\/v2\/media?parent=9236"}],"wp:term":[{"taxonomy":"product_brand","embeddable":true,"href":"https:\/\/symalit.ch\/fr\/wp-json\/wp\/v2\/product_brand?post=9236"},{"taxonomy":"product_cat","embeddable":true,"href":"https:\/\/symalit.ch\/fr\/wp-json\/wp\/v2\/product_cat?post=9236"},{"taxonomy":"product_tag","embeddable":true,"href":"https:\/\/symalit.ch\/fr\/wp-json\/wp\/v2\/product_tag?post=9236"}],"curies":[{"name":"wp","href":"https:\/\/api.w.org\/{rel}","templated":true}]}}