{"id":6445,"date":"2024-07-08T12:11:07","date_gmt":"2024-07-08T10:11:07","guid":{"rendered":"https:\/\/symalit.te-dev.ch\/shop\/senza-categoria\/cs-curve-per-tubi-proteggi-cavo-chiaro-4\/"},"modified":"2026-01-30T12:05:23","modified_gmt":"2026-01-30T10:05:23","slug":"cs-curve-per-tubi-proteggi-cavo-chiaro-4","status":"publish","type":"product","link":"https:\/\/symalit.ch\/it\/shop\/curve\/cs-curve-per-tubi-proteggi-cavo-chiaro-4\/","title":{"rendered":"C+S Curve per tubi proteggi-cavo chiaro con estremit\u00e0 allungata"},"content":{"rendered":"<p>Lunghezza dell&#8217;estremit\u00e0 pi\u00f9 lunga: 2 m<\/p>\n","protected":false},"excerpt":{"rendered":"<p>Lunghezza dell&#8217;estremit\u00e0 pi\u00f9 lunga: 2 m<\/p>\n","protected":false},"featured_media":11055,"template":"","meta":{"_acf_changed":false},"product_brand":[],"product_cat":[1767],"product_tag":[],"class_list":{"0":"post-6445","1":"product","2":"type-product","3":"status-publish","4":"has-post-thumbnail","6":"product_cat-curve","8":"first","9":"instock","10":"purchasable","11":"product-type-variable"},"acf":[],"aioseo_notices":[],"_links":{"self":[{"href":"https:\/\/symalit.ch\/it\/wp-json\/wp\/v2\/product\/6445","targetHints":{"allow":["GET"]}}],"collection":[{"href":"https:\/\/symalit.ch\/it\/wp-json\/wp\/v2\/product"}],"about":[{"href":"https:\/\/symalit.ch\/it\/wp-json\/wp\/v2\/types\/product"}],"wp:featuredmedia":[{"embeddable":true,"href":"https:\/\/symalit.ch\/it\/wp-json\/wp\/v2\/media\/11055"}],"wp:attachment":[{"href":"https:\/\/symalit.ch\/it\/wp-json\/wp\/v2\/media?parent=6445"}],"wp:term":[{"taxonomy":"product_brand","embeddable":true,"href":"https:\/\/symalit.ch\/it\/wp-json\/wp\/v2\/product_brand?post=6445"},{"taxonomy":"product_cat","embeddable":true,"href":"https:\/\/symalit.ch\/it\/wp-json\/wp\/v2\/product_cat?post=6445"},{"taxonomy":"product_tag","embeddable":true,"href":"https:\/\/symalit.ch\/it\/wp-json\/wp\/v2\/product_tag?post=6445"}],"curies":[{"name":"wp","href":"https:\/\/api.w.org\/{rel}","templated":true}]}}